{"id":32,"date":"2021-01-30T16:42:00","date_gmt":"2021-01-30T15:42:00","guid":{"rendered":"http:\/\/www.kleine-sonnenkinder.de\/?page_id=32"},"modified":"2022-05-21T19:25:21","modified_gmt":"2022-05-21T17:25:21","slug":"ueber-mich","status":"publish","type":"page","link":"https:\/\/www.kleine-sonnenkinder.de\/?page_id=32","title":{"rendered":"Die Tagespflege"},"content":{"rendered":"\t\t<div data-elementor-type=\"wp-page\" data-elementor-id=\"32\" class=\"elementor elementor-32\" data-elementor-settings=\"[]\">\n\t\t\t\t\t\t\t<div class=\"elementor-section-wrap\">\n\t\t\t\t\t\t\t<section class=\"elementor-section elementor-top-section elementor-element elementor-element-4841b90 elementor-section-boxed elementor-section-height-default elementor-section-height-default\" data-id=\"4841b90\" data-element_type=\"section\">\n\t\t\t\t\t\t<div class=\"elementor-container elementor-column-gap-default\">\n\t\t\t\t\t<div class=\"elementor-column elementor-col-100 elementor-top-column elementor-element elementor-element-4d5f03a\" data-id=\"4d5f03a\" data-element_type=\"column\">\n\t\t\t<div class=\"elementor-widget-wrap elementor-element-populated\">\n\t\t\t\t\t\t\t\t<div class=\"elementor-element elementor-element-53d3db2 elementor-widget elementor-widget-image\" data-id=\"53d3db2\" data-element_type=\"widget\" data-settings=\"{&quot;_animation&quot;:&quot;none&quot;}\" data-widget_type=\"image.default\">\n\t\t\t\t<div class=\"elementor-widget-container\">\n\t\t\t\t\t\t\t\t\t\t\t\t\t\t\t<img loading=\"lazy\" decoding=\"async\" width=\"300\" height=\"200\" src=\"https:\/\/www.kleine-sonnenkinder.de\/wp-content\/uploads\/2021\/01\/IMG_0150-300x200.jpg\" class=\"attachment-medium size-medium\" alt=\"\" srcset=\"https:\/\/www.kleine-sonnenkinder.de\/wp-content\/uploads\/2021\/01\/IMG_0150-300x200.jpg 300w, https:\/\/www.kleine-sonnenkinder.de\/wp-content\/uploads\/2021\/01\/IMG_0150-1024x682.jpg 1024w, https:\/\/www.kleine-sonnenkinder.de\/wp-content\/uploads\/2021\/01\/IMG_0150-768x512.jpg 768w, https:\/\/www.kleine-sonnenkinder.de\/wp-content\/uploads\/2021\/01\/IMG_0150.jpg 1280w\" sizes=\"auto, 100vw\" \/>\t\t\t\t\t\t\t\t\t\t\t\t\t\t\t<\/div>\n\t\t\t\t<\/div>\n\t\t\t\t\t<\/div>\n\t\t<\/div>\n\t\t\t\t\t\t\t<\/div>\n\t\t<\/section>\n\t\t\t\t<section class=\"elementor-section elementor-top-section elementor-element elementor-element-17271ed elementor-section-full_width elementor-section-height-default elementor-section-height-default\" data-id=\"17271ed\" data-element_type=\"section\">\n\t\t\t\t\t\t<div class=\"elementor-container elementor-column-gap-default\">\n\t\t\t\t\t<div class=\"elementor-column elementor-col-100 elementor-top-column elementor-element elementor-element-cfeb614\" data-id=\"cfeb614\" data-element_type=\"column\">\n\t\t\t<div class=\"elementor-widget-wrap elementor-element-populated\">\n\t\t\t\t\t\t\t\t<div class=\"elementor-element elementor-element-3ce2a73 elementor-widget elementor-widget-text-editor\" data-id=\"3ce2a73\" data-element_type=\"widget\" data-widget_type=\"text-editor.default\">\n\t\t\t\t<div class=\"elementor-widget-container\">\n\t\t\t\t\t\t\t<p>Gerne m\u00f6chte ich mich Euch vorstellen. Mein Name ist Sandra Rudolph, ich bin im Jahr 1986 geboren, verheiratet und habe 2 Kinder. Unser erster Sohn ist 2017 geboren und unser zweiter Sohn ist 2020 auf die Welt gekommen.<\/p><p>Der Wunsch, Tagespflegeperson zu werden, entstand bei mir nach der Geburt unseres ersten Sohnes und wurde im Laufe der Zeit immer st\u00e4rker.<\/p>\t\t\t\t\t\t<\/div>\n\t\t\t\t<\/div>\n\t\t\t\t\t<\/div>\n\t\t<\/div>\n\t\t\t\t\t\t\t<\/div>\n\t\t<\/section>\n\t\t\t\t<section class=\"elementor-section elementor-top-section elementor-element elementor-element-5efd0af elementor-section-boxed elementor-section-height-default elementor-section-height-default\" data-id=\"5efd0af\" data-element_type=\"section\">\n\t\t\t\t\t\t<div class=\"elementor-container elementor-column-gap-default\">\n\t\t\t\t\t<div class=\"elementor-column elementor-col-50 elementor-top-column elementor-element elementor-element-6e8cf03\" data-id=\"6e8cf03\" data-element_type=\"column\">\n\t\t\t<div class=\"elementor-widget-wrap elementor-element-populated\">\n\t\t\t\t\t\t\t\t<div class=\"elementor-element elementor-element-e019743 elementor-widget elementor-widget-image\" data-id=\"e019743\" data-element_type=\"widget\" data-widget_type=\"image.default\">\n\t\t\t\t<div class=\"elementor-widget-container\">\n\t\t\t\t\t\t\t\t\t\t\t\t\t\t\t<img loading=\"lazy\" decoding=\"async\" width=\"525\" height=\"350\" src=\"https:\/\/www.kleine-sonnenkinder.de\/wp-content\/uploads\/2022\/05\/D871D7C7-9EF4-4D7F-82CA-900278287345-1024x683.jpeg\" class=\"attachment-large size-large\" alt=\"K\u00fcche\" srcset=\"https:\/\/www.kleine-sonnenkinder.de\/wp-content\/uploads\/2022\/05\/D871D7C7-9EF4-4D7F-82CA-900278287345-1024x683.jpeg 1024w, https:\/\/www.kleine-sonnenkinder.de\/wp-content\/uploads\/2022\/05\/D871D7C7-9EF4-4D7F-82CA-900278287345-300x200.jpeg 300w, https:\/\/www.kleine-sonnenkinder.de\/wp-content\/uploads\/2022\/05\/D871D7C7-9EF4-4D7F-82CA-900278287345-768x512.jpeg 768w, https:\/\/www.kleine-sonnenkinder.de\/wp-content\/uploads\/2022\/05\/D871D7C7-9EF4-4D7F-82CA-900278287345.jpeg 1350w\" sizes=\"auto, 100vw\" \/>\t\t\t\t\t\t\t\t\t\t\t\t\t\t\t<\/div>\n\t\t\t\t<\/div>\n\t\t\t\t<div class=\"elementor-element elementor-element-552100c elementor-widget elementor-widget-image\" data-id=\"552100c\" data-element_type=\"widget\" data-widget_type=\"image.default\">\n\t\t\t\t<div class=\"elementor-widget-container\">\n\t\t\t\t\t\t\t\t\t\t\t\t\t\t\t<img loading=\"lazy\" decoding=\"async\" width=\"525\" height=\"394\" src=\"https:\/\/www.kleine-sonnenkinder.de\/wp-content\/uploads\/2022\/05\/5FAB3F17-7A19-491D-89F6-ED124BBF12DC-1024x768.jpeg\" class=\"attachment-large size-large\" alt=\"\" srcset=\"https:\/\/www.kleine-sonnenkinder.de\/wp-content\/uploads\/2022\/05\/5FAB3F17-7A19-491D-89F6-ED124BBF12DC-1024x768.jpeg 1024w, https:\/\/www.kleine-sonnenkinder.de\/wp-content\/uploads\/2022\/05\/5FAB3F17-7A19-491D-89F6-ED124BBF12DC-300x225.jpeg 300w, https:\/\/www.kleine-sonnenkinder.de\/wp-content\/uploads\/2022\/05\/5FAB3F17-7A19-491D-89F6-ED124BBF12DC-768x576.jpeg 768w, https:\/\/www.kleine-sonnenkinder.de\/wp-content\/uploads\/2022\/05\/5FAB3F17-7A19-491D-89F6-ED124BBF12DC-1536x1152.jpeg 1536w, https:\/\/www.kleine-sonnenkinder.de\/wp-content\/uploads\/2022\/05\/5FAB3F17-7A19-491D-89F6-ED124BBF12DC-2048x1536.jpeg 2048w\" sizes=\"auto, 100vw\" \/>\t\t\t\t\t\t\t\t\t\t\t\t\t\t\t<\/div>\n\t\t\t\t<\/div>\n\t\t\t\t<div class=\"elementor-element elementor-element-06e0823 elementor-widget elementor-widget-image\" data-id=\"06e0823\" data-element_type=\"widget\" data-widget_type=\"image.default\">\n\t\t\t\t<div class=\"elementor-widget-container\">\n\t\t\t\t\t\t\t\t\t\t\t\t\t\t\t<img loading=\"lazy\" decoding=\"async\" width=\"525\" height=\"394\" src=\"https:\/\/www.kleine-sonnenkinder.de\/wp-content\/uploads\/2022\/05\/5473D093-0D63-48E7-9DF2-509DD7EED9EC-1024x768.jpeg\" class=\"attachment-large size-large\" alt=\"\" srcset=\"https:\/\/www.kleine-sonnenkinder.de\/wp-content\/uploads\/2022\/05\/5473D093-0D63-48E7-9DF2-509DD7EED9EC-1024x768.jpeg 1024w, https:\/\/www.kleine-sonnenkinder.de\/wp-content\/uploads\/2022\/05\/5473D093-0D63-48E7-9DF2-509DD7EED9EC-300x225.jpeg 300w, https:\/\/www.kleine-sonnenkinder.de\/wp-content\/uploads\/2022\/05\/5473D093-0D63-48E7-9DF2-509DD7EED9EC-768x576.jpeg 768w, https:\/\/www.kleine-sonnenkinder.de\/wp-content\/uploads\/2022\/05\/5473D093-0D63-48E7-9DF2-509DD7EED9EC-1536x1152.jpeg 1536w, https:\/\/www.kleine-sonnenkinder.de\/wp-content\/uploads\/2022\/05\/5473D093-0D63-48E7-9DF2-509DD7EED9EC-2048x1536.jpeg 2048w\" sizes=\"auto, 100vw\" \/>\t\t\t\t\t\t\t\t\t\t\t\t\t\t\t<\/div>\n\t\t\t\t<\/div>\n\t\t\t\t<div class=\"elementor-element elementor-element-d889c8a elementor-widget elementor-widget-image\" data-id=\"d889c8a\" data-element_type=\"widget\" data-widget_type=\"image.default\">\n\t\t\t\t<div class=\"elementor-widget-container\">\n\t\t\t\t\t\t\t\t\t\t\t\t\t\t\t<img loading=\"lazy\" decoding=\"async\" width=\"525\" height=\"787\" src=\"https:\/\/www.kleine-sonnenkinder.de\/wp-content\/uploads\/2022\/05\/87777C22-71FE-4A0B-9FC7-30FD3D3F102C-683x1024.jpeg\" class=\"attachment-large size-large\" alt=\"Spielraum\" srcset=\"https:\/\/www.kleine-sonnenkinder.de\/wp-content\/uploads\/2022\/05\/87777C22-71FE-4A0B-9FC7-30FD3D3F102C-683x1024.jpeg 683w, https:\/\/www.kleine-sonnenkinder.de\/wp-content\/uploads\/2022\/05\/87777C22-71FE-4A0B-9FC7-30FD3D3F102C-200x300.jpeg 200w, https:\/\/www.kleine-sonnenkinder.de\/wp-content\/uploads\/2022\/05\/87777C22-71FE-4A0B-9FC7-30FD3D3F102C-768x1152.jpeg 768w, https:\/\/www.kleine-sonnenkinder.de\/wp-content\/uploads\/2022\/05\/87777C22-71FE-4A0B-9FC7-30FD3D3F102C.jpeg 900w\" sizes=\"auto, 100vw\" \/>\t\t\t\t\t\t\t\t\t\t\t\t\t\t\t<\/div>\n\t\t\t\t<\/div>\n\t\t\t\t<div class=\"elementor-element elementor-element-e82e61b elementor-widget elementor-widget-image\" data-id=\"e82e61b\" data-element_type=\"widget\" data-widget_type=\"image.default\">\n\t\t\t\t<div class=\"elementor-widget-container\">\n\t\t\t\t\t\t\t\t\t\t\t\t\t\t\t<img loading=\"lazy\" decoding=\"async\" width=\"525\" height=\"787\" src=\"https:\/\/www.kleine-sonnenkinder.de\/wp-content\/uploads\/2022\/05\/0E916603-ABDA-4E74-AB36-C3049A37A9FE-683x1024.jpeg\" class=\"attachment-large size-large\" alt=\"Schlafraum\" srcset=\"https:\/\/www.kleine-sonnenkinder.de\/wp-content\/uploads\/2022\/05\/0E916603-ABDA-4E74-AB36-C3049A37A9FE-683x1024.jpeg 683w, https:\/\/www.kleine-sonnenkinder.de\/wp-content\/uploads\/2022\/05\/0E916603-ABDA-4E74-AB36-C3049A37A9FE-200x300.jpeg 200w, https:\/\/www.kleine-sonnenkinder.de\/wp-content\/uploads\/2022\/05\/0E916603-ABDA-4E74-AB36-C3049A37A9FE-768x1152.jpeg 768w, https:\/\/www.kleine-sonnenkinder.de\/wp-content\/uploads\/2022\/05\/0E916603-ABDA-4E74-AB36-C3049A37A9FE.jpeg 900w\" sizes=\"auto, 100vw\" \/>\t\t\t\t\t\t\t\t\t\t\t\t\t\t\t<\/div>\n\t\t\t\t<\/div>\n\t\t\t\t\t<\/div>\n\t\t<\/div>\n\t\t\t\t<div class=\"elementor-column elementor-col-50 elementor-top-column elementor-element elementor-element-88cf610\" data-id=\"88cf610\" data-element_type=\"column\">\n\t\t\t<div class=\"elementor-widget-wrap elementor-element-populated\">\n\t\t\t\t\t\t\t\t<div class=\"elementor-element elementor-element-aec4d16 elementor-widget elementor-widget-image\" data-id=\"aec4d16\" data-element_type=\"widget\" data-widget_type=\"image.default\">\n\t\t\t\t<div class=\"elementor-widget-container\">\n\t\t\t\t\t\t\t\t\t\t\t\t\t\t\t<img loading=\"lazy\" decoding=\"async\" width=\"525\" height=\"700\" src=\"https:\/\/www.kleine-sonnenkinder.de\/wp-content\/uploads\/2022\/05\/B0C96661-5F4B-4721-B4C9-1496B95DF16B-768x1024.jpeg\" class=\"attachment-large size-large\" alt=\"Bad\" srcset=\"https:\/\/www.kleine-sonnenkinder.de\/wp-content\/uploads\/2022\/05\/B0C96661-5F4B-4721-B4C9-1496B95DF16B-768x1024.jpeg 768w, https:\/\/www.kleine-sonnenkinder.de\/wp-content\/uploads\/2022\/05\/B0C96661-5F4B-4721-B4C9-1496B95DF16B-225x300.jpeg 225w, https:\/\/www.kleine-sonnenkinder.de\/wp-content\/uploads\/2022\/05\/B0C96661-5F4B-4721-B4C9-1496B95DF16B.jpeg 960w\" sizes=\"auto, 100vw\" \/>\t\t\t\t\t\t\t\t\t\t\t\t\t\t\t<\/div>\n\t\t\t\t<\/div>\n\t\t\t\t<div class=\"elementor-element elementor-element-2c09a8a elementor-widget elementor-widget-image\" data-id=\"2c09a8a\" data-element_type=\"widget\" data-widget_type=\"image.default\">\n\t\t\t\t<div class=\"elementor-widget-container\">\n\t\t\t\t\t\t\t\t\t\t\t\t\t\t\t<img loading=\"lazy\" decoding=\"async\" width=\"525\" height=\"700\" src=\"https:\/\/www.kleine-sonnenkinder.de\/wp-content\/uploads\/2022\/05\/F066291B-26CC-4B27-A695-B40ECDF92CE8-768x1024.jpeg\" class=\"attachment-large size-large\" alt=\"Spielhaus\" srcset=\"https:\/\/www.kleine-sonnenkinder.de\/wp-content\/uploads\/2022\/05\/F066291B-26CC-4B27-A695-B40ECDF92CE8-768x1024.jpeg 768w, https:\/\/www.kleine-sonnenkinder.de\/wp-content\/uploads\/2022\/05\/F066291B-26CC-4B27-A695-B40ECDF92CE8-225x300.jpeg 225w, https:\/\/www.kleine-sonnenkinder.de\/wp-content\/uploads\/2022\/05\/F066291B-26CC-4B27-A695-B40ECDF92CE8-1152x1536.jpeg 1152w, https:\/\/www.kleine-sonnenkinder.de\/wp-content\/uploads\/2022\/05\/F066291B-26CC-4B27-A695-B40ECDF92CE8-1536x2048.jpeg 1536w, https:\/\/www.kleine-sonnenkinder.de\/wp-content\/uploads\/2022\/05\/F066291B-26CC-4B27-A695-B40ECDF92CE8-scaled.jpeg 1920w\" sizes=\"auto, 100vw\" \/>\t\t\t\t\t\t\t\t\t\t\t\t\t\t\t<\/div>\n\t\t\t\t<\/div>\n\t\t\t\t<div class=\"elementor-element elementor-element-e451697 elementor-widget elementor-widget-image\" data-id=\"e451697\" data-element_type=\"widget\" data-widget_type=\"image.default\">\n\t\t\t\t<div class=\"elementor-widget-container\">\n\t\t\t\t\t\t\t\t\t\t\t\t\t\t\t<img loading=\"lazy\" decoding=\"async\" width=\"525\" height=\"759\" src=\"https:\/\/www.kleine-sonnenkinder.de\/wp-content\/uploads\/2022\/05\/40242877-C8EA-44B9-A8CC-99714A22351E-708x1024.jpeg\" class=\"attachment-large size-large\" alt=\"Garten\" srcset=\"https:\/\/www.kleine-sonnenkinder.de\/wp-content\/uploads\/2022\/05\/40242877-C8EA-44B9-A8CC-99714A22351E-708x1024.jpeg 708w, https:\/\/www.kleine-sonnenkinder.de\/wp-content\/uploads\/2022\/05\/40242877-C8EA-44B9-A8CC-99714A22351E-207x300.jpeg 207w, https:\/\/www.kleine-sonnenkinder.de\/wp-content\/uploads\/2022\/05\/40242877-C8EA-44B9-A8CC-99714A22351E-768x1111.jpeg 768w, https:\/\/www.kleine-sonnenkinder.de\/wp-content\/uploads\/2022\/05\/40242877-C8EA-44B9-A8CC-99714A22351E-1062x1536.jpeg 1062w, https:\/\/www.kleine-sonnenkinder.de\/wp-content\/uploads\/2022\/05\/40242877-C8EA-44B9-A8CC-99714A22351E-1416x2048.jpeg 1416w, https:\/\/www.kleine-sonnenkinder.de\/wp-content\/uploads\/2022\/05\/40242877-C8EA-44B9-A8CC-99714A22351E-scaled.jpeg 1770w\" sizes=\"auto, 100vw\" \/>\t\t\t\t\t\t\t\t\t\t\t\t\t\t\t<\/div>\n\t\t\t\t<\/div>\n\t\t\t\t\t<\/div>\n\t\t<\/div>\n\t\t\t\t\t\t\t<\/div>\n\t\t<\/section>\n\t\t\t\t<section class=\"elementor-section elementor-top-section elementor-element elementor-element-d896da0 elementor-section-boxed elementor-section-height-default elementor-section-height-default\" data-id=\"d896da0\" data-element_type=\"section\">\n\t\t\t\t\t\t<div class=\"elementor-container elementor-column-gap-default\">\n\t\t\t\t\t<div class=\"elementor-column elementor-col-100 elementor-top-column elementor-element elementor-element-5078bb5\" data-id=\"5078bb5\" data-element_type=\"column\">\n\t\t\t<div class=\"elementor-widget-wrap elementor-element-populated\">\n\t\t\t\t\t\t\t\t<div class=\"elementor-element elementor-element-71c7952 elementor-widget elementor-widget-text-editor\" data-id=\"71c7952\" data-element_type=\"widget\" data-widget_type=\"text-editor.default\">\n\t\t\t\t<div class=\"elementor-widget-container\">\n\t\t\t\t\t\t\t<p><strong>\u00a0<\/strong><\/p><p><strong>Meine Rolle als Tagespflegeperson<\/strong><\/p><p>Die Kindertagespflegestelle wird unter dem Namen \u201eKleine Sonnenkinder\u201c gef\u00fchrt. In meiner Kindertagespflege werden max. 5 Kinder im Alter von 1-6 Jahren in einer alters- und geschlechtsheterogenen Gruppe betreut. Ich biete den Kindern in der angemieteten 3-Raum Wohnung (ca. 70 m\u00b2) in einem kleinen Mehrfamilienhaus, die f\u00fcr die kindlichen Bed\u00fcrfnisse hergerichtet wurde, einen Spiel- und Bildungsraum an. Zur kindgerechten Ausstattung der sich im Erdgeschoss befindenden R\u00e4umlichkeiten geh\u00f6rt ein Flur mit Garderobe, ein separater Spielraum, ein Schlafraum, ein Sportraum, ein Bad und eine K\u00fcche mit Speiseraum. Der Spielraum wird auch mit einer Ecke als R\u00fcckzugsort genutzt.<\/p><p><strong>\u00a0<\/strong><\/p><p>Durch meine freundliche, offene und liebevolle Art erleichtere ich den Kindern den \u00dcbergang in die Kindertagespflege. Ich gehe ganz individuell auf ihre Bed\u00fcrfnisse und Neigungen ein. In mir als Betreuerin haben die Kinder eine feste Bezugsperson, die sie in ihrer Entwicklung stets unterst\u00fctzt, und ihnen bei Bedarf hilfreich zur Seite steht.<\/p><p>Ich biete den Kindern in meiner Kindertagespflege einen Ort zum Wohlf\u00fchlen, zum Selbsterkunden und zum Entwickeln, an dem sich die Kinder geborgen und vertraut f\u00fchlen. Das Vertrauen zu mir und meiner Person vertiefe ich durch eine enge, auf Ehrlichkeit und Verl\u00e4sslichkeit basierende Zusammenarbeit mit den Eltern.<\/p><p>\u00a0<\/p><p>Ich bin so oft wie m\u00f6glich mit den Kindern in der Natur unterwegs, um gemeinsam mit ihnen die Entwicklung in der Natur zu beobachten. Beispielsweise erleben sie die Jahreszeiten mit all ihren Ver\u00e4nderungen, wie der Vegetation, der Temperatur, der Farben und der Ger\u00fcche. Dabei beziehe ich den Bildungsplan von Sachsen-Anhalt mit ein. Die Kinder k\u00f6nnen mit allen 7 Sinnen &#8211; Sehsinn (Augen), Geruchssinn (Nase), Geh\u00f6rsinn (Ohren), Haut- und Tastsinn (Haut), Geschmackssinn (Zunge), Bewegungssinn und dem Gleichgewichtssinn- ihre Welt und Umwelt entdecken und wahrnehmen<strong>. <\/strong>Durch den regelm\u00e4\u00dfigen Aufenthalt und die Bewegung in der Natur wird das Immunsystem der Kinder gest\u00e4rkt und die K\u00f6rperwahrnehmung gef\u00f6rdert.<\/p><p>\u00a0<\/p><p>Ich kooperiere mit der kleinen Feldwirtschaft, deren Ackerfl\u00e4che sich in der N\u00e4he meiner Kindertagespflegestelle befindet. Ein Gro\u00dfteil des Gem\u00fcses, das ich den Kindern zubereite, wird hier angebaut und teilweise von den Kindern selbst geerntet. Durch die Verwendung des regionalen und saisonalen Gem\u00fcses und Obstes unterst\u00fctze ich einen gesunden Lebensstil. Die Nahrungszubereitung erfolgt durch mich. Dabei lege ich sehr gro\u00dfen Wert auf vegetarische, \u00f6kologische Vollwertkost.<\/p><p>Es ist mir ein gro\u00dfes Anliegen, den Kindern gegenseitige Achtung und Wertsch\u00e4tzung sowie die Achtung der Natur nahezubringen und vorzuleben. Ich stelle die ganzheitliche Entwicklung der Kinder in den Vordergrund und m\u00f6chte sie f\u00fcr einen nachhaltigen Umgang mit den nat\u00fcrlichen Ressourcen sensibilisieren.<\/p><p>Das gemeinsame Essen er\u00f6ffne ich durch einen Tischspruch, einen Reim oder ein Lied und w\u00e4hrend des Essens spreche ich mit den Kindern \u00fcber das Geschehene und Erlebte dieses Tages.<\/p>\t\t\t\t\t\t<\/div>\n\t\t\t\t<\/div>\n\t\t\t\t\t<\/div>\n\t\t<\/div>\n\t\t\t\t\t\t\t<\/div>\n\t\t<\/section>\n\t\t\t\t<section class=\"elementor-section elementor-top-section elementor-element elementor-element-6e70a16 elementor-section-boxed elementor-section-height-default elementor-section-height-default\" data-id=\"6e70a16\" data-element_type=\"section\">\n\t\t\t\t\t\t<div class=\"elementor-container elementor-column-gap-default\">\n\t\t\t\t\t<div class=\"elementor-column elementor-col-100 elementor-top-column elementor-element elementor-element-9ccda73\" data-id=\"9ccda73\" data-element_type=\"column\">\n\t\t\t<div class=\"elementor-widget-wrap elementor-element-populated\">\n\t\t\t\t\t\t\t\t<div class=\"elementor-element elementor-element-f4ca577 elementor-view-default elementor-widget elementor-widget-icon\" data-id=\"f4ca577\" data-element_type=\"widget\" data-widget_type=\"icon.default\">\n\t\t\t\t<div class=\"elementor-widget-container\">\n\t\t\t\t\t<div class=\"elementor-icon-wrapper\">\n\t\t\t<div class=\"elementor-icon\">\n\t\t\t<i aria-hidden=\"true\" class=\"fas fa-star\"><\/i>\t\t\t<\/div>\n\t\t<\/div>\n\t\t\t\t<\/div>\n\t\t\t\t<\/div>\n\t\t\t\t\t<\/div>\n\t\t<\/div>\n\t\t\t\t\t\t\t<\/div>\n\t\t<\/section>\n\t\t\t\t\t\t<\/div>\n\t\t\t\t\t<\/div>\n\t\t","protected":false},"excerpt":{"rendered":"<p>Gerne m\u00f6chte ich mich Euch vorstellen. Mein Name ist Sandra Rudolph, ich bin im Jahr 1986 geboren, verheiratet und habe 2 Kinder. Unser erster Sohn ist 2017 geboren und unser zweiter Sohn ist 2020 auf die Welt gekommen. Der Wunsch, Tagespflegeperson zu werden, entstand bei mir nach der Geburt unseres ersten Sohnes und wurde im &hellip; <\/p>\n<p class=\"link-more\"><a href=\"https:\/\/www.kleine-sonnenkinder.de\/?page_id=32\" class=\"more-link\"><span class=\"screen-reader-text\">\u201eDie Tagespflege\u201c<\/span> weiterlesen<\/a><\/p>\n","protected":false},"author":1,"featured_media":0,"parent":0,"menu_order":0,"comment_status":"closed","ping_status":"closed","template":"","meta":{"footnotes":""},"class_list":["post-32","page","type-page","status-publish","hentry"],"_links":{"self":[{"href":"https:\/\/www.kleine-sonnenkinder.de\/index.php?rest_route=\/wp\/v2\/pages\/32","targetHints":{"allow":["GET"]}}],"collection":[{"href":"https:\/\/www.kleine-sonnenkinder.de\/index.php?rest_route=\/wp\/v2\/pages"}],"about":[{"href":"https:\/\/www.kleine-sonnenkinder.de\/index.php?rest_route=\/wp\/v2\/types\/page"}],"author":[{"embeddable":true,"href":"https:\/\/www.kleine-sonnenkinder.de\/index.php?rest_route=\/wp\/v2\/users\/1"}],"replies":[{"embeddable":true,"href":"https:\/\/www.kleine-sonnenkinder.de\/index.php?rest_route=%2Fwp%2Fv2%2Fcomments&post=32"}],"version-history":[{"count":32,"href":"https:\/\/www.kleine-sonnenkinder.de\/index.php?rest_route=\/wp\/v2\/pages\/32\/revisions"}],"predecessor-version":[{"id":218,"href":"https:\/\/www.kleine-sonnenkinder.de\/index.php?rest_route=\/wp\/v2\/pages\/32\/revisions\/218"}],"wp:attachment":[{"href":"https:\/\/www.kleine-sonnenkinder.de\/index.php?rest_route=%2Fwp%2Fv2%2Fmedia&parent=32"}],"curies":[{"name":"wp","href":"https:\/\/api.w.org\/{rel}","templated":true}]}}