{"id":37,"date":"2021-01-29T16:44:14","date_gmt":"2021-01-29T15:44:14","guid":{"rendered":"http:\/\/www.kleine-sonnenkinder.de\/?page_id=37"},"modified":"2021-12-07T19:57:05","modified_gmt":"2021-12-07T18:57:05","slug":"datenschutzerklaerung","status":"publish","type":"page","link":"https:\/\/www.kleine-sonnenkinder.de\/?page_id=37","title":{"rendered":"Impressum\/Datenschutzerkl\u00e4rung"},"content":{"rendered":"\t\t<div data-elementor-type=\"wp-page\" data-elementor-id=\"37\" class=\"elementor elementor-37\" data-elementor-settings=\"[]\">\n\t\t\t\t\t\t\t<div class=\"elementor-section-wrap\">\n\t\t\t\t\t\t\t<section class=\"elementor-section elementor-top-section elementor-element elementor-element-cbfb9c2 elementor-section-boxed elementor-section-height-default elementor-section-height-default\" data-id=\"cbfb9c2\" data-element_type=\"section\">\n\t\t\t\t\t\t<div class=\"elementor-container elementor-column-gap-default\">\n\t\t\t\t\t<div class=\"elementor-column elementor-col-100 elementor-top-column elementor-element elementor-element-caee2b4\" data-id=\"caee2b4\" data-element_type=\"column\">\n\t\t\t<div class=\"elementor-widget-wrap elementor-element-populated\">\n\t\t\t\t\t\t\t\t<div class=\"elementor-element elementor-element-3fba4ae elementor-widget elementor-widget-text-editor\" data-id=\"3fba4ae\" data-element_type=\"widget\" data-widget_type=\"text-editor.default\">\n\t\t\t\t<div class=\"elementor-widget-container\">\n\t\t\t\t\t\t\t<p><strong>Allgemeine Hinweise<\/strong><br \/>Die folgenden Hinweise geben einen einfachen \u00dcberblick dar\u00fcber, was mit Ihren personenbezogenen Daten passiert, wenn Sie unsere Website besuchen. Personenbezogene Daten sind alle Daten, mit denen Sie pers\u00f6nlich identifiziert werden k\u00f6nnen. Ausf\u00fchrliche Informationen zum Thema Datenschutz entnehmen Sie unserer unter diesem Text aufgef\u00fchrten Datenschutzerkl\u00e4rung.<br \/>Datenerfassung auf unserer Website<br \/>Wer ist verantwortlich f\u00fcr die Datenerfassung auf dieser Website?<br \/>Die Datenverarbeitung auf dieser Website erfolgt durch den Websitebetreiber.<\/p><p>Dessen Kontaktdaten lauten: <br \/><br \/>KTP Kleine Sonnenkinder<br \/>Sandra Rudolph<br \/>Schulplatz 5<br \/>06188 Landsberg <br \/>Telefon: 0178 7199 478<br \/>E-Mail: <a href=\"mailto:info@kleine-sonnenkinder.de\">info@kleine-sonnenkinder.de<\/a><\/p><p><strong><br \/>Wie erfassen wir Ihre Daten?<\/strong><br \/>Es steht Ihnen frei, unsere Website zu besuchen, ohne Angaben zu Ihrer Person zu machen. Ihre personenbezogenen Daten werden zum einen jedoch dadurch erhoben, dass Sie uns diese mitteilen. Hierbei kann es sich z.B. um Daten handeln, die Sie in ein Kontaktformular eingeben oder via E-Mail \u00fcbertragen.<br \/>Andere Daten werden automatisch beim Besuch der Website durch unsere IT-Systeme erfasst. Das sind vor allem technische Daten (z.B. Internetbrowser, Betriebssystem oder Uhrzeit des Seitenaufrufs). Die Erfassung dieser Daten erfolgt automatisch, sobald Sie unsere Website betreten. Eine Individualisierung von bestimmten Personen anhand dieser Informationen ist jedoch nicht m\u00f6glich.<br \/>Wof\u00fcr nutzen wir Ihre Daten?<br \/>Ein Teil der Daten wird erhoben, um eine fehlerfreie Bereitstellung der Website zu gew\u00e4hrleisten. Andere Daten k\u00f6nnen zur Analyse Ihres Nutzerverhaltens verwendet werden.<br \/><strong><br \/>Was sind m\u00f6gliche Rechtsgrundlagen f\u00fcr die Verarbeitung personenbezogener Daten?<\/strong><br \/>Soweit wir f\u00fcr die Verarbeitung personenbezogener Daten entsprechende Einwilligungen der betroffenen Personen einholen, ist Art. 6 Abs. 1 lit. a der EU- Datenschutz-Grundverordnung (DSGVO) als Rechtsgrundlage f\u00fcr diese Verarbeitung heranzuziehen.<br \/>Im Wege der Verarbeitung von personenbezogenen Daten, welche zur Erf\u00fcllung eines Vertrages mit der betroffenen Person erforderlich ist, stellt sich Art. 6 Abs. 1 lit. b als die einschl\u00e4gige Rechtsvorschrift dar. Dies trifft auch auf Datenverwendungen zum Zeitpunkt vorvertraglicher Ma\u00dfnahmen zu.<br \/>Gem\u00e4\u00df Art. 6 Abs. 1 lit. c sind wir weiterhin zur Verarbeitung personenbezogener Daten im Falle der Erf\u00fcllung einer rechtlichen Verpflichtung berechtigt, welcher unsere Firma unterliegt.<br \/>Eine weitere einschl\u00e4gige rechtliche Grundlage zur Datenverarbeitung ergibt sich auch aus Art. 6 Abs. 1 lit. f, wonach die Verarbeitung zur Wahrung eines berechtigten Interesses des jeweiligen Unternehmens oder eines Dritten zul\u00e4ssig ist, sofern die Interessen, Grundrechte und Grundfreiheiten des Betroffenen gegen\u00fcber dem Interesse des Verarbeiters nicht \u00fcberwiegen.<br \/><strong><br \/>Welche Rechte haben Sie bez\u00fcglich Ihrer Daten?<\/strong><br \/>Sie haben jederzeit das Recht unentgeltlich Auskunft \u00fcber Herkunft, Empf\u00e4nger und Zweck Ihrer gespeicherten personenbezogenen Daten zu erhalten. Sie haben au\u00dferdem ein Recht, die Berichtigung, Sperrung oder L\u00f6schung dieser Daten zu verlangen. Hierzu sowie zu weiteren Fragen zum Thema Datenschutz k\u00f6nnen Sie sich jederzeit unter info@medizintechnik-landsberg.de an uns wenden. Des Weiteren steht Ihnen ein Beschwerderecht bei der zust\u00e4ndigen Aufsichtsbeh\u00f6rde zu.<\/p><p><strong>Datenschutzbeauftragter<\/strong><\/p><p>Gesetzlich vorgeschriebener Datenschutzbeauftragter<br \/>Wir haben f\u00fcr unser Unternehmen einen Datenschutzbeauftragten bestellt, dies ist:<br \/>Frau Rudolph<br \/>Schulplatz 5 <br \/>D-06188 Landsberg<br \/>Telefon: 0178 7199 478<br \/>E-Mail: info@kleine-sonnenkinder.de<br \/><br \/><\/p><p><strong>Allgemeine Hinweise und Pflichtinformationen<\/strong><\/p><p><strong><br \/>Datenschutz<\/strong><br \/>Die Betreiber dieser Seiten nehmen den Schutz Ihrer pers\u00f6nlichen Daten sehr ernst. Wir behandeln Ihre personenbezogenen Daten vertraulich und entsprechend der gesetzlichen Datenschutzvorschriften sowie dieser Datenschutzerkl\u00e4rung.<br \/>Wenn Sie diese Website benutzen, werden verschiedene personenbezogene Daten erhoben. Personenbezogene Daten sind Daten, mit denen Sie pers\u00f6nlich identifiziert werden k\u00f6nnen. Die vorliegende Datenschutzerkl\u00e4rung erl\u00e4utert, welche Daten wir erheben und wof\u00fcr wir sie nutzen. Sie erl\u00e4utert auch, wie und zu welchem Zweck das geschieht.<br \/>Wir weisen darauf hin, dass die Daten\u00fcbertragung im Internet (z.B. bei der Kommunikation per E-Mail) Sicherheitsl\u00fccken aufweisen kann. Ein l\u00fcckenloser Schutz der Daten vor dem Zugriff durch Dritte ist nicht m\u00f6glich.<br \/><strong><br \/>Hinweis zur verantwortlichen Stelle<\/strong><br \/>Die verantwortliche Stelle f\u00fcr die Datenverarbeitung auf dieser Website ist:<br \/>KTP Kleine Sonnenkinder<br \/>Sandra Rudolph<br \/>Schulplatz 5<br \/>06188 Landsberg <br \/>Telefon: 0178 7199 478<br \/>E-Mail: <a href=\"mailto:info@kleine-sonnenkinder.de\">info@kleine-sonnenkinder.de<\/a><\/p><p>Verantwortliche Stelle ist die nat\u00fcrliche oder juristische Person, die allein oder gemeinsam mit anderen \u00fcber die Zwecke und Mittel der Verarbeitung von personenbezogenen Daten (z.B. Namen, E-Mail-Adressen o. \u00c4.) entscheidet.<br \/><br \/><br \/><\/p><p><strong>Widerruf Ihrer Einwilligung zur Datenverarbeitung<\/strong><br \/>Viele Datenverarbeitungsvorg\u00e4nge sind nur mit Ihrer ausdr\u00fccklichen Einwilligung m\u00f6glich. Sie k\u00f6nnen eine bereits erteilte Einwilligung jederzeit widerrufen. Dazu reicht eine formlose Mitteilung per E-Mail an uns. Die Rechtm\u00e4\u00dfigkeit der bis zum Widerruf erfolgten Datenverarbeitung bleibt vom Widerruf unber\u00fchrt.<br \/>Beschwerderecht bei der zust\u00e4ndigen Aufsichtsbeh\u00f6rde<br \/>Im Falle datenschutzrechtlicher Verst\u00f6\u00dfe steht dem Betroffenen ein Beschwerderecht bei der zust\u00e4ndigen Aufsichtsbeh\u00f6rde zu. Zust\u00e4ndige Aufsichtsbeh\u00f6rde in datenschutzrechtlichen Fragen ist der Landesdatenschutzbeauftragte des Bundeslandes, in dem unser Unternehmen seinen Sitz hat. Eine Liste der Datenschutzbeauftragten sowie deren Kontaktdaten k\u00f6nnen folgendem Link entnommen werden: https:\/\/www.bfdi.bund.de\/DE\/Infothek\/Anschriften_Links\/anschriften_links-node.html.<br \/><strong><br \/>Recht auf Daten\u00fcbertragbarkeit<\/strong><br \/>Sie haben das Recht, Daten, die wir auf Grundlage Ihrer Einwilligung oder in Erf\u00fcllung eines Vertrags automatisiert verarbeiten, an sich oder an einen Dritten in einem g\u00e4ngigen, maschinenlesbaren Format aush\u00e4ndigen zu lassen. Sofern Sie die direkte \u00dcbertragung der Daten an einen anderen Verantwortlichen verlangen, erfolgt dies nur, soweit es technisch machbar ist.<br \/><br \/><strong>SSL- bzw. TLS-Verschl\u00fcsselung<\/strong><br \/>Diese Seite nutzt aus Sicherheitsgr\u00fcnden und zum Schutz der \u00dcbertragung vertraulicher Inhalte, wie zum Beispiel Bestellungen oder Anfragen, die Sie an uns als Seitenbetreiber senden, eine SSL-bzw. TLS-Verschl\u00fcsselung. Eine verschl\u00fcsselte Verbindung erkennen Sie daran, dass die Adresszeile des Browsers von \u201chttp:\/\/\u201d auf \u201chttps:\/\/\u201d wechselt und an dem Schloss-Symbol in Ihrer Browserzeile.<br \/>Wenn die SSL- bzw. TLS-Verschl\u00fcsselung aktiviert ist, k\u00f6nnen die Daten, die Sie an uns \u00fcbermitteln, nicht von Dritten mitgelesen werden.<br \/><br \/><strong>Auskunft, Sperrung, L\u00f6schung<\/strong><br \/>Sie haben im Rahmen der geltenden gesetzlichen Bestimmungen jederzeit das Recht auf unentgeltliche Auskunft \u00fcber Ihre gespeicherten personenbezogenen Daten, deren Herkunft und Empf\u00e4nger und den Zweck der Datenverarbeitung und ggf. ein Recht auf Berichtigung, Sperrung oder L\u00f6schung dieser Daten. <br \/><br \/><strong>Widerspruch gegen Werbe-Mails<\/strong><br \/>Der Nutzung von im Rahmen der Impressumspflicht ver\u00f6ffentlichten Kontaktdaten zur \u00dcbersendung von nicht ausdr\u00fccklich angeforderter Werbung und Informationsmaterialien wird hiermit widersprochen. Die Betreiber der Seiten behalten sich ausdr\u00fccklich rechtliche Schritte im Falle der unverlangten Zusendung von Werbeinformationen, etwa durch Spam-E-Mails, vor.<\/p><p><br \/><strong>Datenerfassung auf unserer Website<\/strong><br \/><br \/>Server-Log-Dateien<br \/>Der Provider der Seiten erhebt und speichert automatisch Informationen in so genannten Server-Log-Dateien, die Ihr Browser automatisch an uns \u00fcbermittelt. Dies sind:<br \/>\u2022 Browsertyp und Browserversion<br \/>\u2022 verwendetes Betriebssystem<br \/>\u2022 Referrer URL<br \/>\u2022 Hostname des zugreifenden Rechners<br \/>\u2022 Uhrzeit der Serveranfrage<br \/>\u2022 IP-Adresse<br \/><br \/>Eine Zusammenf\u00fchrung dieser Daten mit anderen Datenquellen wird nicht vorgenommen.<br \/><br \/>Grundlage f\u00fcr die Datenverarbeitung ist Art. 6 Abs. 1 lit. f DSGVO, der die Verarbeitung von Daten zur Erf\u00fcllung eines Vertrags oder vorvertraglicher Ma\u00dfnahmen gestattet.<br \/>Beim Aufruf der Webseite durch Besucher werden die IP-Adressen dieser Besucher erfasst und in Logfiles gespeichert. Die IP-Adressen der Besucher der Webseiten werden zur Erkennung und Abwehr von Angriffen maximal sieben Tage gespeichert. Die Verarbeitung dieser Daten stellt insofern ein berechtigtes Interesse im Sinne von Art. 6 Abs. 1 lit. f DSGVO dar.<br \/>Aus datenschutzrechtlichen Gr\u00fcnden wird in den Logfiles der Hostname bzw. die IP-Adresse des Clients, der die Website aufruft, anonymisiert. In den Logfiles werden nur die Eintr\u00e4ge f\u00fcr den Host des Clients oder, wenn dieser nicht ermittelbar ist, die IP-Adresse des Clients anonymisiert.<br \/><br \/><strong>Kontaktformular<\/strong><br \/>Wenn Sie uns per Kontaktformular Anfragen zukommen lassen, werden Ihre Angaben aus dem Anfrageformular inklusive der von Ihnen dort angegebenen Kontaktdaten zwecks Bearbeitung der Anfrage und f\u00fcr den Fall von Anschlussfragen bei uns gespeichert. Diese Daten geben wir nicht ohne Ihre Einwilligung weiter.<br \/><br \/>Die Verarbeitung der in das Kontaktformular eingegebenen Daten erfolgt somit ausschlie\u00dflich auf Grundlage Ihrer Einwilligung (Art. 6 Abs. 1 lit. a DSGVO). Sie k\u00f6nnen diese Einwilligung jederzeit widerrufen. Dazu reicht eine formlose Mitteilung per E-Mail an uns. Die Rechtm\u00e4\u00dfigkeit der bis zum Widerruf erfolgten Datenverarbeitungsvorg\u00e4nge bleibt vom Widerruf unber\u00fchrt.<br \/><br \/>Die von Ihnen im Kontaktformular eingegebenen Daten verbleiben bei uns, bis Sie uns zur L\u00f6schung auffordern, Ihre Einwilligung zur Speicherung widerrufen oder der Zweck f\u00fcr die Datenspeicherung entf\u00e4llt (z.B. nach abgeschlossener Bearbeitung Ihrer Anfrage). Zwingende gesetzliche Bestimmungen \u2013 insbesondere Aufbewahrungsfristen \u2013 bleiben unber\u00fchrt.<\/p><p><strong>Plugins und Tools<\/strong><\/p><p><strong><br \/>Google Web Fonts<\/strong><br \/>Diese Seite nutzt zur einheitlichen Darstellung von Schriftarten so genannte Web Fonts, die von Google bereitgestellt werden. Beim Aufruf einer Seite l\u00e4dt Ihr Browser die ben\u00f6tigten Web Fonts in ihren Browsercache, um Texte und Schriftarten korrekt anzuzeigen.<br \/>Zu diesem Zweck muss der von Ihnen verwendete Browser Verbindung zu den Servern von Google aufnehmen. Hierdurch erlangt Google Kenntnis dar\u00fcber, dass \u00fcber Ihre IP-Adresse unsere Website aufgerufen wurde. Die Nutzung von Google Web Fonts erfolgt im Interesse einer einheitlichen und ansprechenden Darstellung unserer Online-Angebote. Dies stellt ein berechtigtes Interesse im Sinne von Art. 6 Abs. 1 lit. f DSGVO dar.<br \/>Wenn Ihr Browser Web Fonts nicht unterst\u00fctzt, wird eine Standardschrift von Ihrem Computer genutzt.<br \/>Weitere Informationen zu Google Web Fonts finden Sie unter https:\/\/developers.google.com\/fonts\/faq und in der Datenschutzerkl\u00e4rung von Google: https:\/\/www.google.com\/policies\/privacy\/.<br \/><strong><br \/><br \/><\/strong><\/p><p><strong>Google Maps<\/strong><br \/>Diese Seite nutzt \u00fcber eine API den Kartendienst Google Maps. Anbieter ist die Google Inc., 1600 Amphitheatre Parkway, Mountain View, CA 94043, USA.<br \/>Zur Nutzung der Funktionen von Google Maps ist es notwendig, Ihre IP Adresse zu speichern. Diese Informationen werden in der Regel an einen Server von Google in den USA \u00fcbertragen und dort gespeichert. Der Anbieter dieser Seite hat keinen Einfluss auf diese Daten\u00fcbertragung.<br \/>Die Nutzung von Google Maps erfolgt im Interesse einer ansprechenden Darstellung unserer Online-Angebote und an einer leichten Auffindbarkeit der von uns auf der Website angegebenen Orte. Dies stellt ein berechtigtes Interesse im Sinne von Art. 6 Abs. 1 lit. f DSGVO dar.<br \/>Mehr Informationen zum Umgang mit Nutzerdaten finden Sie in der Datenschutzerkl\u00e4rung von Google: https:\/\/www.google.de\/intl\/de\/policies\/privacy\/.<br \/><strong><br \/>Wahrung Ihrer Rechte und Kontaktaufnahme<\/strong><br \/>Zur Wahrung Ihrer Rechte auf unentgeltliche Auskunft \u00fcber Ihre gespeicherten Daten und ggf. auf Berichtigung, Sperrung oder L\u00f6schung dieser Daten sowie bei weiteren Fragen zur Erhebung, Verarbeitung oder Nutzung, einschlie\u00dflich des Widerrufs erteilter Einwilligungen, kontaktieren Sie uns gerne jederzeit unter:<br \/>E-Mail: info@kleine-sonnenkinder.de <br \/>Telefon: 0178 7199 478<\/p>\t\t\t\t\t\t<\/div>\n\t\t\t\t<\/div>\n\t\t\t\t\t<\/div>\n\t\t<\/div>\n\t\t\t\t\t\t\t<\/div>\n\t\t<\/section>\n\t\t\t\t\t\t<\/div>\n\t\t\t\t\t<\/div>\n\t\t","protected":false},"excerpt":{"rendered":"<p>Allgemeine Hinweise Die folgenden Hinweise geben einen einfachen \u00dcberblick dar\u00fcber, was mit Ihren personenbezogenen Daten passiert, wenn Sie unsere Website besuchen. Personenbezogene Daten sind alle Daten, mit denen Sie pers\u00f6nlich identifiziert werden k\u00f6nnen. Ausf\u00fchrliche Informationen zum Thema Datenschutz entnehmen Sie unserer unter diesem Text aufgef\u00fchrten Datenschutzerkl\u00e4rung. Datenerfassung auf unserer Website Wer ist verantwortlich f\u00fcr die &hellip; <\/p>\n<p class=\"link-more\"><a href=\"https:\/\/www.kleine-sonnenkinder.de\/?page_id=37\" class=\"more-link\"><span class=\"screen-reader-text\">\u201eImpressum\/Datenschutzerkl\u00e4rung\u201c<\/span> weiterlesen<\/a><\/p>\n","protected":false},"author":1,"featured_media":0,"parent":0,"menu_order":0,"comment_status":"closed","ping_status":"closed","template":"elementor_theme","meta":{"footnotes":""},"class_list":["post-37","page","type-page","status-publish","hentry"],"_links":{"self":[{"href":"https:\/\/www.kleine-sonnenkinder.de\/index.php?rest_route=\/wp\/v2\/pages\/37","targetHints":{"allow":["GET"]}}],"collection":[{"href":"https:\/\/www.kleine-sonnenkinder.de\/index.php?rest_route=\/wp\/v2\/pages"}],"about":[{"href":"https:\/\/www.kleine-sonnenkinder.de\/index.php?rest_route=\/wp\/v2\/types\/page"}],"author":[{"embeddable":true,"href":"https:\/\/www.kleine-sonnenkinder.de\/index.php?rest_route=\/wp\/v2\/users\/1"}],"replies":[{"embeddable":true,"href":"https:\/\/www.kleine-sonnenkinder.de\/index.php?rest_route=%2Fwp%2Fv2%2Fcomments&post=37"}],"version-history":[{"count":30,"href":"https:\/\/www.kleine-sonnenkinder.de\/index.php?rest_route=\/wp\/v2\/pages\/37\/revisions"}],"predecessor-version":[{"id":150,"href":"https:\/\/www.kleine-sonnenkinder.de\/index.php?rest_route=\/wp\/v2\/pages\/37\/revisions\/150"}],"wp:attachment":[{"href":"https:\/\/www.kleine-sonnenkinder.de\/index.php?rest_route=%2Fwp%2Fv2%2Fmedia&parent=37"}],"curies":[{"name":"wp","href":"https:\/\/api.w.org\/{rel}","templated":true}]}}